{"id":134,"date":"2020-04-23T19:40:47","date_gmt":"2020-04-23T18:40:47","guid":{"rendered":"https:\/\/lobjetsimplicite.com\/?page_id=134"},"modified":"2025-08-19T20:02:03","modified_gmt":"2025-08-19T19:02:03","slug":"circuit-court-francais","status":"publish","type":"page","link":"https:\/\/lobjetsimplicite.com\/?page_id=134","title":{"rendered":"CIRCUIT COURT FRAN\u00c7AIS"},"content":{"rendered":"<p style=\"text-align: center;\"><img data-recalc-dims=\"1\" loading=\"lazy\" decoding=\"async\" data-attachment-id=\"289\" data-permalink=\"https:\/\/lobjetsimplicite.com\/?attachment_id=289\" data-orig-file=\"https:\/\/i0.wp.com\/lobjetsimplicite.com\/wp-content\/uploads\/2020\/07\/capture-d_c3a9cran-2016-03-23-c3a0-10-58-16.png?fit=1459%2C485&amp;ssl=1\" data-orig-size=\"1459,485\" data-comments-opened=\"1\" data-image-meta=\"{&quot;aperture&quot;:&quot;0&quot;,&quot;credit&quot;:&quot;&quot;,&quot;camera&quot;:&quot;&quot;,&quot;caption&quot;:&quot;&quot;,&quot;created_timestamp&quot;:&quot;0&quot;,&quot;copyright&quot;:&quot;&quot;,&quot;focal_length&quot;:&quot;0&quot;,&quot;iso&quot;:&quot;0&quot;,&quot;shutter_speed&quot;:&quot;0&quot;,&quot;title&quot;:&quot;&quot;,&quot;orientation&quot;:&quot;0&quot;}\" data-image-title=\"capture-d_c3a9cran-2016-03-23-c3a0-10-58-16\" data-image-description=\"\" data-image-caption=\"\" data-large-file=\"https:\/\/i0.wp.com\/lobjetsimplicite.com\/wp-content\/uploads\/2020\/07\/capture-d_c3a9cran-2016-03-23-c3a0-10-58-16.png?fit=750%2C249&amp;ssl=1\" class=\"alignnone size-full wp-image-289\" src=\"https:\/\/i0.wp.com\/lobjetsimplicite.com\/wp-content\/uploads\/2020\/07\/capture-d_c3a9cran-2016-03-23-c3a0-10-58-16.png?resize=750%2C249&#038;ssl=1\" alt=\"capture-d_c3a9cran-2016-03-23-c3a0-10-58-16\" width=\"750\" height=\"249\" srcset=\"https:\/\/i0.wp.com\/lobjetsimplicite.com\/wp-content\/uploads\/2020\/07\/capture-d_c3a9cran-2016-03-23-c3a0-10-58-16.png?w=1459&amp;ssl=1 1459w, https:\/\/i0.wp.com\/lobjetsimplicite.com\/wp-content\/uploads\/2020\/07\/capture-d_c3a9cran-2016-03-23-c3a0-10-58-16.png?resize=300%2C100&amp;ssl=1 300w, https:\/\/i0.wp.com\/lobjetsimplicite.com\/wp-content\/uploads\/2020\/07\/capture-d_c3a9cran-2016-03-23-c3a0-10-58-16.png?resize=1024%2C340&amp;ssl=1 1024w, https:\/\/i0.wp.com\/lobjetsimplicite.com\/wp-content\/uploads\/2020\/07\/capture-d_c3a9cran-2016-03-23-c3a0-10-58-16.png?resize=768%2C255&amp;ssl=1 768w, https:\/\/i0.wp.com\/lobjetsimplicite.com\/wp-content\/uploads\/2020\/07\/capture-d_c3a9cran-2016-03-23-c3a0-10-58-16.png?resize=1200%2C399&amp;ssl=1 1200w, https:\/\/i0.wp.com\/lobjetsimplicite.com\/wp-content\/uploads\/2020\/07\/capture-d_c3a9cran-2016-03-23-c3a0-10-58-16.png?resize=416%2C138&amp;ssl=1 416w\" sizes=\"auto, (max-width: 750px) 100vw, 750px\" \/><\/p>\n<p>Les mati\u00e8res premi\u00e8res servant \u00e0 confectionner les produits \u00ab L\u2019Objet Simplicit\u00e9 \u00bb sont majoritairement fabriquer en France afin de constitu\u00e9 un circuit court sur l\u2019ensemble du parcours de fabrication. Ceci dans le but de r\u00e9duire l\u2019empreinte carbone du transport, d\u2019\u00eatre facilement en contact avec les fournisseurs, de pr\u00e9server les savoir-faire de l\u2019industrie textile proches du lieu de fabrication et de vente.<\/p>\n<p>Avec l&rsquo;\u00e9largissement de la gamme de produits qui exige de nouveaux tissus et de nouvelles fournitures, la provenance de certaines mati\u00e8res premi\u00e8res n&rsquo;est pas forc\u00e9ment d&rsquo;origine fran\u00e7aise. Cependant, il sera toujours tent\u00e9 de se fournir aupr\u00e8s d&rsquo;usines europ\u00e9ennes les plus proches du lieu d&rsquo;assemblage et de fabrication.<\/p>\n<p><strong>TISSU<\/strong> :<\/p>\n<ul>\n<li>Coton (gabardine, natt\u00e9, chambray) : Charlieu (42)<\/li>\n<li>Coton brut (cretonne) : Rh\u00f4ne (69)<\/li>\n<li>PUL blanc : Turquie<\/li>\n<li>Textile recycl\u00e9 (serg\u00e9) : Charlieu (42)<\/li>\n<\/ul>\n<p><strong>RUBAN<\/strong> :<\/p>\n<ul>\n<li>Ruban serg\u00e9 noir : Saint-Etienne (42)<\/li>\n<li>Ruban tricolore : Saint-Etienne (42)<\/li>\n<li>Ruban \u00e9lastique : Ile-de -France (75)<\/li>\n<\/ul>\n<p><strong>\u00c9TIQUETTE<\/strong> :<\/p>\n<ul>\n<li>OS L&rsquo;Objet Simplicit\u00e9 : Saint-Etienne (42)<\/li>\n<li>Made in France\u00a0 100% coton : Saint-Etienne (42)<\/li>\n<\/ul>\n<p><strong>FIL DE COUTURE<\/strong> :<\/p>\n<ul>\n<li>Tout coloris : P\u00e9renchies (59)<\/li>\n<\/ul>\n<p><strong>FABRIQU\u00c9 MAIN<\/strong> : Marseille (13)<\/p>\n<p style=\"text-align: center;\"><strong><u>MATIERES PREMIERES<\/u><\/strong><\/p>\n<p><strong>\u00c9L\u00c9MENTS TEXTILES<\/strong> :<\/p>\n<p>&#8211; Tissu : Coton, PUL, Mati\u00e8re Recycl\u00e9<\/p>\n<p>&#8211; Ruban serg\u00e9 coton<\/p>\n<p>&#8211; Ruban Tricolore polyester (en recherche de ruban tricolore en coton)<\/p>\n<p>&#8211; Ruban \u00e9lastique<\/p>\n<p>&#8211; \u00c9tiquette coton enduit<\/p>\n<p>&#8211; Fil de couture polyester<\/p>\n<p>Les produits \u00ab\u00a0L&rsquo;Objet Simplicit\u00e9\u00a0\u00bb sont majoritairement fabriqu\u00e9s \u00e0 partir de mati\u00e8res premi\u00e8res durables. Les tissus utilis\u00e9s pour la fabrication de nos produits sont notamment<strong>\u00a0du coton bio et du textile recycl\u00e9<\/strong>. D&rsquo;autres tissus durables sont pr\u00e9vus pour les futurs produits.<\/p>\n<p>Les autres composants des produits ont \u00e9galement \u00e9t\u00e9 choisis avec soin afin de <strong>minimiser leur impact environnemental<\/strong> : le ruban serg\u00e9 est en coton ; l\u2019\u00e9tiquette de la marque et l&rsquo;\u00e9tiquette \u00ab\u00a0Made in France\/ 100% coton\u00a0\u00bb sont en coton enduit.<\/p>\n<p>Les envois des commandes sont effectu\u00e9s dans des enveloppes et des pochettes en kraft. Les \u00e9tiquettes et les fiches d&rsquo;information envoy\u00e9es avec la commande sont en papier recycl\u00e9 et biod\u00e9gradable.<\/p>\n","protected":false},"excerpt":{"rendered":"<p>Les mati\u00e8res premi\u00e8res servant \u00e0 confectionner les produits \u00ab L\u2019Objet Simplicit\u00e9 \u00bb sont majoritairement fabriquer en France afin de constitu\u00e9 un circuit court sur l\u2019ensemble du parcours de fabrication. Ceci dans le but de r\u00e9duire l\u2019empreinte carbone du transport, d\u2019\u00eatre facilement en contact avec les fournisseurs, de pr\u00e9server les savoir-faire de l\u2019industrie textile proches du<a class=\"more-link\" href=\"https:\/\/lobjetsimplicite.com\/?page_id=134\">Lire la suite <span class=\"screen-reader-text\">\u00ab\u00a0CIRCUIT COURT FRAN\u00c7AIS\u00a0\u00bb<\/span><\/a><\/p>\n","protected":false},"author":131634038,"featured_media":0,"parent":0,"menu_order":0,"comment_status":"closed","ping_status":"closed","template":"","meta":{"_coblocks_attr":"","_coblocks_dimensions":"","_coblocks_responsive_height":"","_coblocks_accordion_ie_support":"","_crdt_document":"","advanced_seo_description":"","jetpack_seo_html_title":"","jetpack_seo_noindex":false,"footnotes":""},"class_list":["post-134","page","type-page","status-publish","hentry","entry"],"jetpack_likes_enabled":true,"jetpack_sharing_enabled":true,"jetpack_shortlink":"https:\/\/wp.me\/P9sy8D-2a","amp_enabled":true,"_links":{"self":[{"href":"https:\/\/lobjetsimplicite.com\/index.php?rest_route=\/wp\/v2\/pages\/134","targetHints":{"allow":["GET"]}}],"collection":[{"href":"https:\/\/lobjetsimplicite.com\/index.php?rest_route=\/wp\/v2\/pages"}],"about":[{"href":"https:\/\/lobjetsimplicite.com\/index.php?rest_route=\/wp\/v2\/types\/page"}],"author":[{"embeddable":true,"href":"https:\/\/lobjetsimplicite.com\/index.php?rest_route=\/wp\/v2\/users\/131634038"}],"replies":[{"embeddable":true,"href":"https:\/\/lobjetsimplicite.com\/index.php?rest_route=%2Fwp%2Fv2%2Fcomments&post=134"}],"version-history":[{"count":19,"href":"https:\/\/lobjetsimplicite.com\/index.php?rest_route=\/wp\/v2\/pages\/134\/revisions"}],"predecessor-version":[{"id":4334,"href":"https:\/\/lobjetsimplicite.com\/index.php?rest_route=\/wp\/v2\/pages\/134\/revisions\/4334"}],"wp:attachment":[{"href":"https:\/\/lobjetsimplicite.com\/index.php?rest_route=%2Fwp%2Fv2%2Fmedia&parent=134"}],"curies":[{"name":"wp","href":"https:\/\/api.w.org\/{rel}","templated":true}]}}