{"id":158,"date":"2020-04-23T23:35:29","date_gmt":"2020-04-23T22:35:29","guid":{"rendered":"https:\/\/lobjetsimplicite.com\/?page_id=158"},"modified":"2025-08-25T18:52:36","modified_gmt":"2025-08-25T17:52:36","slug":"accueil-4","status":"publish","type":"page","link":"https:\/\/lobjetsimplicite.com\/","title":{"rendered":"Accueil"},"content":{"rendered":"\n<div class=\"wp-block-columns coblocks-author-columns has-background is-layout-flex wp-container-core-columns-is-layout-52275889 wp-block-columns-is-layout-flex\" style=\"background-color:#8C8C971A;padding-top:2.5rem;padding-right:2.5rem;padding-bottom:2.5rem;padding-left:2.5rem\">\n<div class=\"wp-block-column is-layout-flow wp-block-column-is-layout-flow\" style=\"flex-basis:25%\">\n<figure class=\"wp-block-image is-resized is-style-rounded\"><img data-recalc-dims=\"1\" loading=\"lazy\" decoding=\"async\" width=\"150\" height=\"150\" data-attachment-id=\"1958\" data-permalink=\"https:\/\/lobjetsimplicite.com\/?attachment_id=1958\" data-orig-file=\"https:\/\/i0.wp.com\/lobjetsimplicite.com\/wp-content\/uploads\/2022\/08\/20220801_1451171-1.jpg?fit=2411%2C2411&amp;ssl=1\" data-orig-size=\"2411,2411\" data-comments-opened=\"1\" data-image-meta=\"{&quot;aperture&quot;:&quot;1.9&quot;,&quot;credit&quot;:&quot;&quot;,&quot;camera&quot;:&quot;SM-J600FN&quot;,&quot;caption&quot;:&quot;&quot;,&quot;created_timestamp&quot;:&quot;1659365392&quot;,&quot;copyright&quot;:&quot;&quot;,&quot;focal_length&quot;:&quot;2.53&quot;,&quot;iso&quot;:&quot;100&quot;,&quot;shutter_speed&quot;:&quot;0.03030303030303&quot;,&quot;title&quot;:&quot;&quot;,&quot;orientation&quot;:&quot;0&quot;}\" data-image-title=\"20220801_145117[1]\" data-image-description=\"\" data-image-caption=\"\" data-large-file=\"https:\/\/i0.wp.com\/lobjetsimplicite.com\/wp-content\/uploads\/2022\/08\/20220801_1451171-1.jpg?fit=750%2C750&amp;ssl=1\" src=\"https:\/\/i0.wp.com\/lobjetsimplicite.com\/wp-content\/uploads\/2022\/08\/20220801_1451171-1-150x150.jpg?resize=150%2C150&#038;ssl=1\" alt=\"\" class=\"wp-image-1958\" style=\"width:136px;height:auto\" srcset=\"https:\/\/i0.wp.com\/lobjetsimplicite.com\/wp-content\/uploads\/2022\/08\/20220801_1451171-1.jpg?resize=150%2C150&amp;ssl=1 150w, https:\/\/i0.wp.com\/lobjetsimplicite.com\/wp-content\/uploads\/2022\/08\/20220801_1451171-1.jpg?resize=300%2C300&amp;ssl=1 300w, https:\/\/i0.wp.com\/lobjetsimplicite.com\/wp-content\/uploads\/2022\/08\/20220801_1451171-1.jpg?resize=1024%2C1024&amp;ssl=1 1024w, https:\/\/i0.wp.com\/lobjetsimplicite.com\/wp-content\/uploads\/2022\/08\/20220801_1451171-1.jpg?resize=768%2C768&amp;ssl=1 768w, https:\/\/i0.wp.com\/lobjetsimplicite.com\/wp-content\/uploads\/2022\/08\/20220801_1451171-1.jpg?resize=1536%2C1536&amp;ssl=1 1536w, https:\/\/i0.wp.com\/lobjetsimplicite.com\/wp-content\/uploads\/2022\/08\/20220801_1451171-1.jpg?resize=2048%2C2048&amp;ssl=1 2048w, https:\/\/i0.wp.com\/lobjetsimplicite.com\/wp-content\/uploads\/2022\/08\/20220801_1451171-1.jpg?resize=1200%2C1200&amp;ssl=1 1200w, https:\/\/i0.wp.com\/lobjetsimplicite.com\/wp-content\/uploads\/2022\/08\/20220801_1451171-1.jpg?resize=800%2C800&amp;ssl=1 800w, https:\/\/i0.wp.com\/lobjetsimplicite.com\/wp-content\/uploads\/2022\/08\/20220801_1451171-1.jpg?resize=400%2C400&amp;ssl=1 400w, https:\/\/i0.wp.com\/lobjetsimplicite.com\/wp-content\/uploads\/2022\/08\/20220801_1451171-1.jpg?resize=200%2C200&amp;ssl=1 200w, https:\/\/i0.wp.com\/lobjetsimplicite.com\/wp-content\/uploads\/2022\/08\/20220801_1451171-1.jpg?resize=1568%2C1568&amp;ssl=1 1568w, https:\/\/i0.wp.com\/lobjetsimplicite.com\/wp-content\/uploads\/2022\/08\/20220801_1451171-1.jpg?resize=350%2C350&amp;ssl=1 350w, https:\/\/i0.wp.com\/lobjetsimplicite.com\/wp-content\/uploads\/2022\/08\/20220801_1451171-1.jpg?resize=750%2C750&amp;ssl=1 750w, https:\/\/i0.wp.com\/lobjetsimplicite.com\/wp-content\/uploads\/2022\/08\/20220801_1451171-1.jpg?resize=100%2C100&amp;ssl=1 100w, https:\/\/i0.wp.com\/lobjetsimplicite.com\/wp-content\/uploads\/2022\/08\/20220801_1451171-1.jpg?w=2250&amp;ssl=1 2250w\" sizes=\"auto, (max-width: 150px) 100vw, 150px\" \/><\/figure>\n<\/div>\n\n\n\n<div class=\"wp-block-column is-layout-flow wp-container-core-column-is-layout-6594bb71 wp-block-column-is-layout-flow\" style=\"border-style:none;border-width:0px;padding-top:0;padding-bottom:0;flex-basis:75%\">\n<p class=\"wp-block-paragraph\" style=\"font-size:25px\"><strong>Jessica COURTOIS<\/strong><\/p>\n\n\n\n<p class=\"wp-block-paragraph\">Coach en <strong>Rangement \/ Organisation<\/strong> et <strong>\u00c9cologie \/ Z\u00e9ro D\u00e9chet<\/strong> <\/p>\n\n\n\n<p class=\"wp-block-paragraph\">Et cr\u00e9atrice d&rsquo;accessoires textiles<strong> \u00c9co-responsable<\/strong>.<\/p>\n\n\n\n<p class=\"wp-block-paragraph\">Lieu : <em><strong>AIX-EN-PROVENCE<\/strong><\/em><\/p>\n\n\n\n<div class=\"wp-block-button has-custom-weight has-custom-transform has-custom-lineheight has-custom-letterspacing\" style=\"line-height:1.87;letter-spacing:1px;font-weight:normal;text-transform:initial;font-size:25px\"><a class=\"wp-block-button__link wp-element-button\">Je t&rsquo;aide \u00e0 d\u00e9sencombrer ton int\u00e9rieur et \u00e0 instaurer un mode de vie organis\u00e9\/\u00e9cologique pour simplifier ton quotidien.<\/a><\/div>\n<\/div>\n<\/div>\n\n\n\n<figure class=\"wp-block-jetpack-image-compare\"><div class=\"juxtapose\" data-mode=\"horizontal\"><img data-recalc-dims=\"1\" loading=\"lazy\" decoding=\"async\" id=\"4396\" src=\"https:\/\/i0.wp.com\/lobjetsimplicite.com\/wp-content\/uploads\/2025\/08\/20250224_1550251-2.jpg?resize=750%2C1585&#038;ssl=1\" alt=\"\" width=\"750\" height=\"1585\" class=\"image-compare__image-before\"\/><img data-recalc-dims=\"1\" loading=\"lazy\" decoding=\"async\" id=\"4397\" src=\"https:\/\/i0.wp.com\/lobjetsimplicite.com\/wp-content\/uploads\/2025\/08\/20250224_1418582.jpg?resize=750%2C1585&#038;ssl=1\" alt=\"\" width=\"750\" height=\"1585\" class=\"image-compare__image-after\"\/><\/div><figcaption><strong>Prestation tri\/rangement d&rsquo;une cuisine<\/strong><\/figcaption><\/figure>\n\n\n\n<p class=\"has-text-align-center has-custom-lineheight has-custom-letterspacing wp-block-paragraph\" style=\"line-height:2.04;letter-spacing:0.5px;font-size:35px\"><strong>Accessoires textiles L&rsquo;OS<\/strong> (Pratique et \u00e9cologique)<\/p>\n\n\n\n<div class=\"wp-block-buttons is-content-justification-center is-layout-flex wp-container-core-buttons-is-layout-76f29c8d wp-block-buttons-is-layout-flex\">\n<div class=\"wp-block-button\"><a class=\"wp-block-button__link has-text-align-center wp-element-button\" href=\"https:\/\/lobjetsimplicite.com\/?post_type=product\">BOUTIQUE<\/a><\/div>\n<\/div>\n\n\n\n<div aria-label=\"Collage Gallery\" class=\"wp-block-coblocks-gallery-collage alignwide has-small-gutter\"><ul><li class=\"wp-block-coblocks-gallery-collage__item item-1\"><figure class=\"wp-block-coblocks-gallery-collage__figure\"><img data-recalc-dims=\"1\" loading=\"lazy\" decoding=\"async\" width=\"750\" height=\"750\" data-attachment-id=\"3014\" data-permalink=\"https:\/\/lobjetsimplicite.com\/?attachment_id=3014\" data-orig-file=\"https:\/\/i0.wp.com\/lobjetsimplicite.com\/wp-content\/uploads\/2023\/06\/20230618_0744591-rotated-1335719378-e1687730486670.jpg?fit=2004%2C2004&amp;ssl=1\" data-orig-size=\"2004,2004\" data-comments-opened=\"1\" data-image-meta=\"{&quot;aperture&quot;:&quot;0&quot;,&quot;credit&quot;:&quot;&quot;,&quot;camera&quot;:&quot;&quot;,&quot;caption&quot;:&quot;&quot;,&quot;created_timestamp&quot;:&quot;0&quot;,&quot;copyright&quot;:&quot;&quot;,&quot;focal_length&quot;:&quot;0&quot;,&quot;iso&quot;:&quot;0&quot;,&quot;shutter_speed&quot;:&quot;0&quot;,&quot;title&quot;:&quot;&quot;,&quot;orientation&quot;:&quot;0&quot;}\" data-image-title=\"20230618_074459[1]\" data-image-description=\"\" data-image-caption=\"&lt;p&gt;Salle de bain&lt;\/p&gt;\n\" data-large-file=\"https:\/\/i0.wp.com\/lobjetsimplicite.com\/wp-content\/uploads\/2023\/06\/20230618_0744591-rotated-1335719378-e1687730486670.jpg?fit=750%2C750&amp;ssl=1\" alt=\"Gallery Image\" class=\"wp-image-3014\" data-id=\"3014\" data-imglink=\"\" data-index=\"0\" src=\"https:\/\/i0.wp.com\/lobjetsimplicite.com\/wp-content\/uploads\/2023\/06\/20230618_0744591-rotated-1335719378-e1687730486670-1024x1024.jpg?resize=750%2C750&#038;ssl=1\" srcset=\"https:\/\/i0.wp.com\/lobjetsimplicite.com\/wp-content\/uploads\/2023\/06\/20230618_0744591-rotated-1335719378-e1687730486670.jpg?resize=1024%2C1024&amp;ssl=1 1024w, https:\/\/i0.wp.com\/lobjetsimplicite.com\/wp-content\/uploads\/2023\/06\/20230618_0744591-rotated-1335719378-e1687730486670.jpg?resize=300%2C300&amp;ssl=1 300w, https:\/\/i0.wp.com\/lobjetsimplicite.com\/wp-content\/uploads\/2023\/06\/20230618_0744591-rotated-1335719378-e1687730486670.jpg?resize=150%2C150&amp;ssl=1 150w, https:\/\/i0.wp.com\/lobjetsimplicite.com\/wp-content\/uploads\/2023\/06\/20230618_0744591-rotated-1335719378-e1687730486670.jpg?resize=768%2C768&amp;ssl=1 768w, https:\/\/i0.wp.com\/lobjetsimplicite.com\/wp-content\/uploads\/2023\/06\/20230618_0744591-rotated-1335719378-e1687730486670.jpg?resize=1536%2C1536&amp;ssl=1 1536w, https:\/\/i0.wp.com\/lobjetsimplicite.com\/wp-content\/uploads\/2023\/06\/20230618_0744591-rotated-1335719378-e1687730486670.jpg?resize=1200%2C1200&amp;ssl=1 1200w, https:\/\/i0.wp.com\/lobjetsimplicite.com\/wp-content\/uploads\/2023\/06\/20230618_0744591-rotated-1335719378-e1687730486670.jpg?resize=800%2C800&amp;ssl=1 800w, https:\/\/i0.wp.com\/lobjetsimplicite.com\/wp-content\/uploads\/2023\/06\/20230618_0744591-rotated-1335719378-e1687730486670.jpg?resize=400%2C400&amp;ssl=1 400w, https:\/\/i0.wp.com\/lobjetsimplicite.com\/wp-content\/uploads\/2023\/06\/20230618_0744591-rotated-1335719378-e1687730486670.jpg?resize=200%2C200&amp;ssl=1 200w, https:\/\/i0.wp.com\/lobjetsimplicite.com\/wp-content\/uploads\/2023\/06\/20230618_0744591-rotated-1335719378-e1687730486670.jpg?resize=1568%2C1568&amp;ssl=1 1568w, https:\/\/i0.wp.com\/lobjetsimplicite.com\/wp-content\/uploads\/2023\/06\/20230618_0744591-rotated-1335719378-e1687730486670.jpg?resize=350%2C350&amp;ssl=1 350w, https:\/\/i0.wp.com\/lobjetsimplicite.com\/wp-content\/uploads\/2023\/06\/20230618_0744591-rotated-1335719378-e1687730486670.jpg?resize=750%2C750&amp;ssl=1 750w, https:\/\/i0.wp.com\/lobjetsimplicite.com\/wp-content\/uploads\/2023\/06\/20230618_0744591-rotated-1335719378-e1687730486670.jpg?resize=100%2C100&amp;ssl=1 100w, https:\/\/i0.wp.com\/lobjetsimplicite.com\/wp-content\/uploads\/2023\/06\/20230618_0744591-rotated-1335719378-e1687730486670.jpg?w=2004&amp;ssl=1 2004w\" sizes=\"auto, (max-width: 750px) 100vw, 750px\" \/><\/figure><\/li><li class=\"wp-block-coblocks-gallery-collage__item item-2\"><figure class=\"wp-block-coblocks-gallery-collage__figure\"><img data-recalc-dims=\"1\" loading=\"lazy\" decoding=\"async\" width=\"750\" height=\"365\" data-attachment-id=\"1960\" data-permalink=\"https:\/\/lobjetsimplicite.com\/?attachment_id=1960\" data-orig-file=\"https:\/\/i0.wp.com\/lobjetsimplicite.com\/wp-content\/uploads\/2022\/08\/20200620_1029071.jpg?fit=4128%2C2006&amp;ssl=1\" data-orig-size=\"4128,2006\" data-comments-opened=\"1\" data-image-meta=\"{&quot;aperture&quot;:&quot;1.9&quot;,&quot;credit&quot;:&quot;&quot;,&quot;camera&quot;:&quot;SM-J600FN&quot;,&quot;caption&quot;:&quot;&quot;,&quot;created_timestamp&quot;:&quot;1592648947&quot;,&quot;copyright&quot;:&quot;&quot;,&quot;focal_length&quot;:&quot;3.6&quot;,&quot;iso&quot;:&quot;40&quot;,&quot;shutter_speed&quot;:&quot;0.0004880429477794&quot;,&quot;title&quot;:&quot;&quot;,&quot;orientation&quot;:&quot;1&quot;}\" data-image-title=\"20200620_102907[1]\" data-image-description=\"\" data-image-caption=\"\" data-large-file=\"https:\/\/i0.wp.com\/lobjetsimplicite.com\/wp-content\/uploads\/2022\/08\/20200620_1029071.jpg?fit=750%2C365&amp;ssl=1\" alt=\"Gallery Image\" class=\"wp-image-1960\" data-id=\"1960\" data-imglink=\"\" data-index=\"1\" src=\"https:\/\/i0.wp.com\/lobjetsimplicite.com\/wp-content\/uploads\/2022\/08\/20200620_1029071.jpg?resize=750%2C365&#038;ssl=1\" srcset=\"https:\/\/i0.wp.com\/lobjetsimplicite.com\/wp-content\/uploads\/2022\/08\/20200620_1029071.jpg?resize=1024%2C498&amp;ssl=1 1024w, https:\/\/i0.wp.com\/lobjetsimplicite.com\/wp-content\/uploads\/2022\/08\/20200620_1029071.jpg?resize=300%2C146&amp;ssl=1 300w, https:\/\/i0.wp.com\/lobjetsimplicite.com\/wp-content\/uploads\/2022\/08\/20200620_1029071.jpg?resize=768%2C373&amp;ssl=1 768w, https:\/\/i0.wp.com\/lobjetsimplicite.com\/wp-content\/uploads\/2022\/08\/20200620_1029071.jpg?resize=1536%2C746&amp;ssl=1 1536w, https:\/\/i0.wp.com\/lobjetsimplicite.com\/wp-content\/uploads\/2022\/08\/20200620_1029071.jpg?resize=2048%2C995&amp;ssl=1 2048w, https:\/\/i0.wp.com\/lobjetsimplicite.com\/wp-content\/uploads\/2022\/08\/20200620_1029071.jpg?resize=1200%2C583&amp;ssl=1 1200w, https:\/\/i0.wp.com\/lobjetsimplicite.com\/wp-content\/uploads\/2022\/08\/20200620_1029071.jpg?resize=1568%2C762&amp;ssl=1 1568w, https:\/\/i0.wp.com\/lobjetsimplicite.com\/wp-content\/uploads\/2022\/08\/20200620_1029071.jpg?resize=750%2C364&amp;ssl=1 750w, https:\/\/i0.wp.com\/lobjetsimplicite.com\/wp-content\/uploads\/2022\/08\/20200620_1029071.jpg?w=2250&amp;ssl=1 2250w\" sizes=\"auto, (max-width: 750px) 100vw, 750px\" \/><\/figure><\/li><li class=\"wp-block-coblocks-gallery-collage__item item-3\"><figure class=\"wp-block-coblocks-gallery-collage__figure\"><img data-recalc-dims=\"1\" loading=\"lazy\" decoding=\"async\" width=\"750\" height=\"750\" data-attachment-id=\"1966\" data-permalink=\"https:\/\/lobjetsimplicite.com\/?attachment_id=1966\" data-orig-file=\"https:\/\/i0.wp.com\/lobjetsimplicite.com\/wp-content\/uploads\/2022\/08\/20200714_140243.jpg?fit=1984%2C1984&amp;ssl=1\" data-orig-size=\"1984,1984\" data-comments-opened=\"1\" data-image-meta=\"{&quot;aperture&quot;:&quot;1.9&quot;,&quot;credit&quot;:&quot;&quot;,&quot;camera&quot;:&quot;SM-J600FN&quot;,&quot;caption&quot;:&quot;&quot;,&quot;created_timestamp&quot;:&quot;1594724226&quot;,&quot;copyright&quot;:&quot;&quot;,&quot;focal_length&quot;:&quot;3.6&quot;,&quot;iso&quot;:&quot;64&quot;,&quot;shutter_speed&quot;:&quot;0.01&quot;,&quot;title&quot;:&quot;&quot;,&quot;orientation&quot;:&quot;0&quot;}\" data-image-title=\"20200714_140243\" data-image-description=\"\" data-image-caption=\"\" data-large-file=\"https:\/\/i0.wp.com\/lobjetsimplicite.com\/wp-content\/uploads\/2022\/08\/20200714_140243.jpg?fit=750%2C750&amp;ssl=1\" alt=\"Gallery Image\" class=\"wp-image-1966\" data-id=\"1966\" data-imglink=\"\" data-index=\"2\" src=\"https:\/\/i0.wp.com\/lobjetsimplicite.com\/wp-content\/uploads\/2022\/08\/20200714_140243.jpg?resize=750%2C750&#038;ssl=1\" srcset=\"https:\/\/i0.wp.com\/lobjetsimplicite.com\/wp-content\/uploads\/2022\/08\/20200714_140243.jpg?resize=1024%2C1024&amp;ssl=1 1024w, https:\/\/i0.wp.com\/lobjetsimplicite.com\/wp-content\/uploads\/2022\/08\/20200714_140243.jpg?resize=300%2C300&amp;ssl=1 300w, https:\/\/i0.wp.com\/lobjetsimplicite.com\/wp-content\/uploads\/2022\/08\/20200714_140243.jpg?resize=150%2C150&amp;ssl=1 150w, https:\/\/i0.wp.com\/lobjetsimplicite.com\/wp-content\/uploads\/2022\/08\/20200714_140243.jpg?resize=768%2C768&amp;ssl=1 768w, https:\/\/i0.wp.com\/lobjetsimplicite.com\/wp-content\/uploads\/2022\/08\/20200714_140243.jpg?resize=1536%2C1536&amp;ssl=1 1536w, https:\/\/i0.wp.com\/lobjetsimplicite.com\/wp-content\/uploads\/2022\/08\/20200714_140243.jpg?resize=1200%2C1200&amp;ssl=1 1200w, https:\/\/i0.wp.com\/lobjetsimplicite.com\/wp-content\/uploads\/2022\/08\/20200714_140243.jpg?resize=800%2C800&amp;ssl=1 800w, https:\/\/i0.wp.com\/lobjetsimplicite.com\/wp-content\/uploads\/2022\/08\/20200714_140243.jpg?resize=400%2C400&amp;ssl=1 400w, https:\/\/i0.wp.com\/lobjetsimplicite.com\/wp-content\/uploads\/2022\/08\/20200714_140243.jpg?resize=200%2C200&amp;ssl=1 200w, https:\/\/i0.wp.com\/lobjetsimplicite.com\/wp-content\/uploads\/2022\/08\/20200714_140243.jpg?resize=1568%2C1568&amp;ssl=1 1568w, https:\/\/i0.wp.com\/lobjetsimplicite.com\/wp-content\/uploads\/2022\/08\/20200714_140243.jpg?resize=350%2C350&amp;ssl=1 350w, https:\/\/i0.wp.com\/lobjetsimplicite.com\/wp-content\/uploads\/2022\/08\/20200714_140243.jpg?resize=750%2C750&amp;ssl=1 750w, https:\/\/i0.wp.com\/lobjetsimplicite.com\/wp-content\/uploads\/2022\/08\/20200714_140243.jpg?resize=100%2C100&amp;ssl=1 100w, https:\/\/i0.wp.com\/lobjetsimplicite.com\/wp-content\/uploads\/2022\/08\/20200714_140243.jpg?w=1984&amp;ssl=1 1984w\" sizes=\"auto, (max-width: 750px) 100vw, 750px\" \/><\/figure><\/li><li class=\"wp-block-coblocks-gallery-collage__item item-4\"><figure class=\"wp-block-coblocks-gallery-collage__figure\"><img data-recalc-dims=\"1\" loading=\"lazy\" decoding=\"async\" width=\"750\" height=\"750\" data-attachment-id=\"1965\" data-permalink=\"https:\/\/lobjetsimplicite.com\/?attachment_id=1965\" data-orig-file=\"https:\/\/i0.wp.com\/lobjetsimplicite.com\/wp-content\/uploads\/2022\/08\/20210605_1108391.jpg?fit=2004%2C2006&amp;ssl=1\" data-orig-size=\"2004,2006\" data-comments-opened=\"1\" data-image-meta=\"{&quot;aperture&quot;:&quot;1.9&quot;,&quot;credit&quot;:&quot;&quot;,&quot;camera&quot;:&quot;SM-J600FN&quot;,&quot;caption&quot;:&quot;&quot;,&quot;created_timestamp&quot;:&quot;1622891303&quot;,&quot;copyright&quot;:&quot;&quot;,&quot;focal_length&quot;:&quot;3.6&quot;,&quot;iso&quot;:&quot;400&quot;,&quot;shutter_speed&quot;:&quot;0.01&quot;,&quot;title&quot;:&quot;&quot;,&quot;orientation&quot;:&quot;0&quot;}\" data-image-title=\"20210605_110839[1]\" data-image-description=\"\" data-image-caption=\"\" data-large-file=\"https:\/\/i0.wp.com\/lobjetsimplicite.com\/wp-content\/uploads\/2022\/08\/20210605_1108391.jpg?fit=750%2C750&amp;ssl=1\" alt=\"Gallery Image\" class=\"wp-image-1965\" data-id=\"1965\" data-imglink=\"\" data-index=\"3\" src=\"https:\/\/i0.wp.com\/lobjetsimplicite.com\/wp-content\/uploads\/2022\/08\/20210605_1108391.jpg?resize=750%2C750&#038;ssl=1\" srcset=\"https:\/\/i0.wp.com\/lobjetsimplicite.com\/wp-content\/uploads\/2022\/08\/20210605_1108391.jpg?resize=1024%2C1024&amp;ssl=1 1024w, https:\/\/i0.wp.com\/lobjetsimplicite.com\/wp-content\/uploads\/2022\/08\/20210605_1108391.jpg?resize=300%2C300&amp;ssl=1 300w, https:\/\/i0.wp.com\/lobjetsimplicite.com\/wp-content\/uploads\/2022\/08\/20210605_1108391.jpg?resize=150%2C150&amp;ssl=1 150w, https:\/\/i0.wp.com\/lobjetsimplicite.com\/wp-content\/uploads\/2022\/08\/20210605_1108391.jpg?resize=768%2C769&amp;ssl=1 768w, https:\/\/i0.wp.com\/lobjetsimplicite.com\/wp-content\/uploads\/2022\/08\/20210605_1108391.jpg?resize=1534%2C1536&amp;ssl=1 1534w, https:\/\/i0.wp.com\/lobjetsimplicite.com\/wp-content\/uploads\/2022\/08\/20210605_1108391.jpg?resize=1200%2C1201&amp;ssl=1 1200w, https:\/\/i0.wp.com\/lobjetsimplicite.com\/wp-content\/uploads\/2022\/08\/20210605_1108391.jpg?resize=800%2C800&amp;ssl=1 800w, https:\/\/i0.wp.com\/lobjetsimplicite.com\/wp-content\/uploads\/2022\/08\/20210605_1108391.jpg?resize=400%2C400&amp;ssl=1 400w, https:\/\/i0.wp.com\/lobjetsimplicite.com\/wp-content\/uploads\/2022\/08\/20210605_1108391.jpg?resize=200%2C200&amp;ssl=1 200w, https:\/\/i0.wp.com\/lobjetsimplicite.com\/wp-content\/uploads\/2022\/08\/20210605_1108391.jpg?resize=1568%2C1570&amp;ssl=1 1568w, https:\/\/i0.wp.com\/lobjetsimplicite.com\/wp-content\/uploads\/2022\/08\/20210605_1108391.jpg?resize=350%2C350&amp;ssl=1 350w, https:\/\/i0.wp.com\/lobjetsimplicite.com\/wp-content\/uploads\/2022\/08\/20210605_1108391.jpg?resize=750%2C751&amp;ssl=1 750w, https:\/\/i0.wp.com\/lobjetsimplicite.com\/wp-content\/uploads\/2022\/08\/20210605_1108391.jpg?resize=100%2C100&amp;ssl=1 100w, https:\/\/i0.wp.com\/lobjetsimplicite.com\/wp-content\/uploads\/2022\/08\/20210605_1108391.jpg?w=2004&amp;ssl=1 2004w\" sizes=\"auto, (max-width: 750px) 100vw, 750px\" \/><\/figure><\/li><li class=\"wp-block-coblocks-gallery-collage__item item-5\"><figure class=\"wp-block-coblocks-gallery-collage__figure\"><img data-recalc-dims=\"1\" loading=\"lazy\" decoding=\"async\" width=\"750\" height=\"750\" data-attachment-id=\"1963\" data-permalink=\"https:\/\/lobjetsimplicite.com\/?attachment_id=1963\" data-orig-file=\"https:\/\/i0.wp.com\/lobjetsimplicite.com\/wp-content\/uploads\/2022\/08\/20210930_2301021.jpg?fit=2006%2C2004&amp;ssl=1\" data-orig-size=\"2006,2004\" data-comments-opened=\"1\" data-image-meta=\"{&quot;aperture&quot;:&quot;1.9&quot;,&quot;credit&quot;:&quot;&quot;,&quot;camera&quot;:&quot;SM-J600FN&quot;,&quot;caption&quot;:&quot;&quot;,&quot;created_timestamp&quot;:&quot;1633042799&quot;,&quot;copyright&quot;:&quot;&quot;,&quot;focal_length&quot;:&quot;3.6&quot;,&quot;iso&quot;:&quot;125&quot;,&quot;shutter_speed&quot;:&quot;0.02&quot;,&quot;title&quot;:&quot;&quot;,&quot;orientation&quot;:&quot;0&quot;}\" data-image-title=\"20210930_230102[1]\" data-image-description=\"\" data-image-caption=\"\" data-large-file=\"https:\/\/i0.wp.com\/lobjetsimplicite.com\/wp-content\/uploads\/2022\/08\/20210930_2301021.jpg?fit=750%2C750&amp;ssl=1\" alt=\"Gallery Image\" class=\"wp-image-1963\" data-id=\"1963\" data-imglink=\"\" data-index=\"4\" src=\"https:\/\/i0.wp.com\/lobjetsimplicite.com\/wp-content\/uploads\/2022\/08\/20210930_2301021.jpg?resize=750%2C750&#038;ssl=1\" srcset=\"https:\/\/i0.wp.com\/lobjetsimplicite.com\/wp-content\/uploads\/2022\/08\/20210930_2301021.jpg?resize=1024%2C1024&amp;ssl=1 1024w, https:\/\/i0.wp.com\/lobjetsimplicite.com\/wp-content\/uploads\/2022\/08\/20210930_2301021.jpg?resize=300%2C300&amp;ssl=1 300w, https:\/\/i0.wp.com\/lobjetsimplicite.com\/wp-content\/uploads\/2022\/08\/20210930_2301021.jpg?resize=150%2C150&amp;ssl=1 150w, https:\/\/i0.wp.com\/lobjetsimplicite.com\/wp-content\/uploads\/2022\/08\/20210930_2301021.jpg?resize=768%2C767&amp;ssl=1 768w, https:\/\/i0.wp.com\/lobjetsimplicite.com\/wp-content\/uploads\/2022\/08\/20210930_2301021.jpg?resize=1536%2C1534&amp;ssl=1 1536w, https:\/\/i0.wp.com\/lobjetsimplicite.com\/wp-content\/uploads\/2022\/08\/20210930_2301021.jpg?resize=1200%2C1199&amp;ssl=1 1200w, https:\/\/i0.wp.com\/lobjetsimplicite.com\/wp-content\/uploads\/2022\/08\/20210930_2301021.jpg?resize=800%2C800&amp;ssl=1 800w, https:\/\/i0.wp.com\/lobjetsimplicite.com\/wp-content\/uploads\/2022\/08\/20210930_2301021.jpg?resize=400%2C400&amp;ssl=1 400w, https:\/\/i0.wp.com\/lobjetsimplicite.com\/wp-content\/uploads\/2022\/08\/20210930_2301021.jpg?resize=200%2C200&amp;ssl=1 200w, https:\/\/i0.wp.com\/lobjetsimplicite.com\/wp-content\/uploads\/2022\/08\/20210930_2301021.jpg?resize=1568%2C1566&amp;ssl=1 1568w, https:\/\/i0.wp.com\/lobjetsimplicite.com\/wp-content\/uploads\/2022\/08\/20210930_2301021.jpg?resize=350%2C350&amp;ssl=1 350w, https:\/\/i0.wp.com\/lobjetsimplicite.com\/wp-content\/uploads\/2022\/08\/20210930_2301021.jpg?resize=750%2C749&amp;ssl=1 750w, https:\/\/i0.wp.com\/lobjetsimplicite.com\/wp-content\/uploads\/2022\/08\/20210930_2301021.jpg?resize=100%2C100&amp;ssl=1 100w, https:\/\/i0.wp.com\/lobjetsimplicite.com\/wp-content\/uploads\/2022\/08\/20210930_2301021.jpg?w=2006&amp;ssl=1 2006w\" sizes=\"auto, (max-width: 750px) 100vw, 750px\" \/><\/figure><\/li><\/ul><\/div>\n","protected":false},"excerpt":{"rendered":"<p>Jessica COURTOIS Coach en Rangement \/ Organisation et \u00c9cologie \/ Z\u00e9ro D\u00e9chet Et cr\u00e9atrice d&rsquo;accessoires textiles \u00c9co-responsable. Lieu : AIX-EN-PROVENCE Accessoires textiles L&rsquo;OS (Pratique et \u00e9cologique)<\/p>\n","protected":false},"author":131634038,"featured_media":0,"parent":0,"menu_order":0,"comment_status":"closed","ping_status":"closed","template":"","meta":{"_coblocks_attr":"Arial","_coblocks_dimensions":"","_coblocks_responsive_height":"","_coblocks_accordion_ie_support":"","_crdt_document":"","advanced_seo_description":"","jetpack_seo_html_title":"","jetpack_seo_noindex":false,"jetpack_post_was_ever_published":false,"footnotes":""},"class_list":["post-158","page","type-page","status-publish","hentry","entry"],"jetpack_likes_enabled":true,"jetpack_sharing_enabled":true,"jetpack_shortlink":"https:\/\/wp.me\/P9sy8D-2y","amp_enabled":false,"_links":{"self":[{"href":"https:\/\/lobjetsimplicite.com\/index.php?rest_route=\/wp\/v2\/pages\/158","targetHints":{"allow":["GET"]}}],"collection":[{"href":"https:\/\/lobjetsimplicite.com\/index.php?rest_route=\/wp\/v2\/pages"}],"about":[{"href":"https:\/\/lobjetsimplicite.com\/index.php?rest_route=\/wp\/v2\/types\/page"}],"author":[{"embeddable":true,"href":"https:\/\/lobjetsimplicite.com\/index.php?rest_route=\/wp\/v2\/users\/131634038"}],"replies":[{"embeddable":true,"href":"https:\/\/lobjetsimplicite.com\/index.php?rest_route=%2Fwp%2Fv2%2Fcomments&post=158"}],"version-history":[{"count":100,"href":"https:\/\/lobjetsimplicite.com\/index.php?rest_route=\/wp\/v2\/pages\/158\/revisions"}],"predecessor-version":[{"id":4611,"href":"https:\/\/lobjetsimplicite.com\/index.php?rest_route=\/wp\/v2\/pages\/158\/revisions\/4611"}],"wp:attachment":[{"href":"https:\/\/lobjetsimplicite.com\/index.php?rest_route=%2Fwp%2Fv2%2Fmedia&parent=158"}],"curies":[{"name":"wp","href":"https:\/\/api.w.org\/{rel}","templated":true}]}}