{"id":4408,"date":"2025-08-17T12:25:52","date_gmt":"2025-08-17T11:25:52","guid":{"rendered":"https:\/\/lobjetsimplicite.com\/?page_id=4408"},"modified":"2025-08-19T21:15:41","modified_gmt":"2025-08-19T20:15:41","slug":"prestations-amenagement","status":"publish","type":"page","link":"https:\/\/lobjetsimplicite.com\/?page_id=4408","title":{"rendered":"Prestations D\u00e9m\u00e9nagement \/ Emm\u00e9nagement"},"content":{"rendered":"\n<p class=\"has-text-align-center wp-block-paragraph\"><\/p>\n\n\n\n<div class=\"wp-block-media-text alignwide is-stacked-on-mobile has-blush-bordeaux-gradient-background has-background\" style=\"grid-template-columns:57% auto\"><figure class=\"wp-block-media-text__media\"><img data-recalc-dims=\"1\" loading=\"lazy\" decoding=\"async\" width=\"750\" height=\"460\" data-attachment-id=\"4416\" data-permalink=\"https:\/\/lobjetsimplicite.com\/?attachment_id=4416\" data-orig-file=\"https:\/\/i0.wp.com\/lobjetsimplicite.com\/wp-content\/uploads\/2025\/08\/mcmdemenageurvisuel3.png?fit=1252%2C768&amp;ssl=1\" data-orig-size=\"1252,768\" data-comments-opened=\"1\" data-image-meta=\"{&quot;aperture&quot;:&quot;0&quot;,&quot;credit&quot;:&quot;&quot;,&quot;camera&quot;:&quot;&quot;,&quot;caption&quot;:&quot;&quot;,&quot;created_timestamp&quot;:&quot;0&quot;,&quot;copyright&quot;:&quot;&quot;,&quot;focal_length&quot;:&quot;0&quot;,&quot;iso&quot;:&quot;0&quot;,&quot;shutter_speed&quot;:&quot;0&quot;,&quot;title&quot;:&quot;&quot;,&quot;orientation&quot;:&quot;0&quot;}\" data-image-title=\"mcmdemenageurvisuel3\" data-image-description=\"\" data-image-caption=\"\" data-large-file=\"https:\/\/i0.wp.com\/lobjetsimplicite.com\/wp-content\/uploads\/2025\/08\/mcmdemenageurvisuel3.png?fit=750%2C460&amp;ssl=1\" src=\"https:\/\/i0.wp.com\/lobjetsimplicite.com\/wp-content\/uploads\/2025\/08\/mcmdemenageurvisuel3.png?resize=750%2C460&#038;ssl=1\" alt=\"\" class=\"wp-image-4416 size-full\" srcset=\"https:\/\/i0.wp.com\/lobjetsimplicite.com\/wp-content\/uploads\/2025\/08\/mcmdemenageurvisuel3.png?resize=1024%2C628&amp;ssl=1 1024w, https:\/\/i0.wp.com\/lobjetsimplicite.com\/wp-content\/uploads\/2025\/08\/mcmdemenageurvisuel3.png?resize=300%2C184&amp;ssl=1 300w, https:\/\/i0.wp.com\/lobjetsimplicite.com\/wp-content\/uploads\/2025\/08\/mcmdemenageurvisuel3.png?resize=768%2C471&amp;ssl=1 768w, https:\/\/i0.wp.com\/lobjetsimplicite.com\/wp-content\/uploads\/2025\/08\/mcmdemenageurvisuel3.png?resize=750%2C460&amp;ssl=1 750w, https:\/\/i0.wp.com\/lobjetsimplicite.com\/wp-content\/uploads\/2025\/08\/mcmdemenageurvisuel3.png?w=1252&amp;ssl=1 1252w\" sizes=\"auto, (max-width: 750px) 100vw, 750px\" \/><\/figure><div class=\"wp-block-media-text__content\">\n<p class=\"wp-block-paragraph\"><\/p>\n\n\n\n<p class=\"has-background-color has-text-color wp-block-paragraph\">Besoin d&rsquo;un coup de main pour votre d\u00e9m\u00e9nagement et\/ou emm\u00e9nagement ? <\/p>\n\n\n\n<p class=\"has-background-color has-text-color wp-block-paragraph\">L&rsquo;Objet Simplicit\u00e9 vous aide \u00e0 pr\u00e9parer votre&nbsp;futur d\u00e9m\u00e9nagement&nbsp;et\/ou \u00e0&nbsp;emm\u00e9nager en toute d\u00e9contraction.<\/p>\n\n\n\n<p class=\"has-background-color has-text-color wp-block-paragraph\" style=\"font-size:30px\">Tarif :<strong> 50\u20ac\/h<\/strong><\/p>\n\n\n\n<p class=\"has-background-color has-text-color wp-block-paragraph\" style=\"font-size:30px\">Tarif (20h) :<strong> 900\u20ac<\/strong><\/p>\n\n\n\n<div class=\"wp-block-buttons is-content-justification-center is-layout-flex wp-container-core-buttons-is-layout-3e41869c wp-block-buttons-is-layout-flex\">\n<div class=\"wp-block-button\"><a class=\"wp-block-button__link wp-element-button\" href=\"https:\/\/lobjetsimplicite.com\/?page_id=3\">CONTACT<\/a><\/div>\n<\/div>\n<\/div><\/div>\n\n\n\n<div class=\"wp-block-columns is-layout-flex wp-container-core-columns-is-layout-7387b849 wp-block-columns-is-layout-flex\">\n<div class=\"wp-block-column is-layout-flow wp-block-column-is-layout-flow\">\n<div class=\"wp-block-columns is-layout-flex wp-container-core-columns-is-layout-7387b849 wp-block-columns-is-layout-flex\">\n<div class=\"wp-block-column has-border-color is-layout-flow wp-block-column-is-layout-flow\" style=\"border-color:#0C80A1;border-radius:0px\">\n<p class=\"has-text-align-center is-style-info wp-block-paragraph\" style=\"font-size:25px\"><strong><mark style=\"background-color:rgba(0, 0, 0, 0);color:#000000\" class=\"has-inline-color\">OFFRE D\u00c9M\u00c9NAGEMENT<\/mark><\/strong><\/p>\n\n\n\n<p class=\"has-text-align-center is-style-error wp-block-paragraph\"><strong>INCLUS<\/strong> <\/p>\n\n\n\n<ul style=\"line-height:1.6\" class=\"wp-block-list\">\n<li>Visite de diagnostic (50\u20ac).<\/li>\n<\/ul>\n\n\n\n<ul style=\"line-height:1.6\" class=\"wp-block-list\">\n<li>Tri des objets et d\u00e9sencombrement des pi\u00e8ces avant la mise en carton.<\/li>\n<\/ul>\n\n\n\n<ul style=\"line-height:1.6\" class=\"wp-block-list\">\n<li>Mise en carton (emballage et \u00e9tiquetage).<\/li>\n<\/ul>\n\n\n\n<p class=\"wp-block-paragraph\"><\/p>\n\n\n\n<p class=\"wp-block-paragraph\"><\/p>\n\n\n\n<p class=\"has-text-align-center is-style-error wp-block-paragraph\"><strong>NON INCLUS<\/strong><\/p>\n\n\n\n<ul class=\"wp-block-list\">\n<li>Prestation Shopping liste\/achat.<\/li>\n<\/ul>\n\n\n\n<div class=\"wp-block-buttons is-content-justification-center is-layout-flex wp-container-core-buttons-is-layout-3e41869c wp-block-buttons-is-layout-flex\">\n<div class=\"wp-block-button\"><a class=\"wp-block-button__link wp-element-button\" href=\"https:\/\/lobjetsimplicite.com\/?page_id=4431\">TARIFS Shopping<\/a><\/div>\n<\/div>\n\n\n\n<ul class=\"wp-block-list\">\n<li>D\u00e9barrassage des objets \u00e0 \u00e9vacuer.<\/li>\n\n\n\n<li>D\u00e9montage et emballage de mobilier volumineux.<\/li>\n<\/ul>\n\n\n\n<ul class=\"wp-block-list\">\n<li>D\u00e9sencombrement de mobilier volumineux.<\/li>\n<\/ul>\n<\/div>\n<\/div>\n<\/div>\n\n\n\n<div class=\"wp-block-column has-border-color has-primary-border-color is-layout-flow wp-block-column-is-layout-flow\" style=\"padding-right:0rem;padding-left:0rem\">\n<p class=\"has-text-align-center is-style-info wp-block-paragraph\" style=\"font-size:25px\"><strong><mark style=\"background-color:rgba(0, 0, 0, 0);color:#000000\" class=\"has-inline-color\">OFFRE \u00c9MM\u00c9NAGEMENT<\/mark><\/strong><\/p>\n\n\n\n<p class=\"has-text-align-center is-style-error wp-block-paragraph\"><strong>INCLUS<\/strong><\/p>\n\n\n\n<ul style=\"line-height:1.4\" class=\"wp-block-list\">\n<li>Visite de diagnostic (50\u20ac).<\/li>\n<\/ul>\n\n\n\n<ul style=\"line-height:1.4\" class=\"wp-block-list\">\n<li>D\u00e9ballage des cartons.<\/li>\n<\/ul>\n\n\n\n<ul style=\"line-height:1.4\" class=\"wp-block-list\">\n<li>Tri, cat\u00e9gorisation et installation par pi\u00e8ces.<\/li>\n<\/ul>\n\n\n\n<ul style=\"line-height:1.4\" class=\"wp-block-list\">\n<li>Montage et installation de meubles.<\/li>\n<\/ul>\n\n\n\n<ul style=\"line-height:1.4\" class=\"wp-block-list\">\n<li>Organisation et optimisation de vos espaces.<\/li>\n<\/ul>\n\n\n\n<ul style=\"line-height:1.4\" class=\"wp-block-list\">\n<li>Pliage et \u00e9tiquetage.<\/li>\n<\/ul>\n\n\n\n<p class=\"has-text-align-center is-style-error wp-block-paragraph\">  <strong>NON INCLUS<\/strong><\/p>\n\n\n\n<ul class=\"wp-block-list\">\n<li>Prestation Shopping liste\/achat.<\/li>\n<\/ul>\n\n\n\n<div class=\"wp-block-buttons is-content-justification-center is-layout-flex wp-container-core-buttons-is-layout-3e41869c wp-block-buttons-is-layout-flex\">\n<div class=\"wp-block-button\"><a class=\"wp-block-button__link wp-element-button\" href=\"https:\/\/lobjetsimplicite.com\/?page_id=4431\">TARIFS Shopping<\/a><\/div>\n<\/div>\n\n\n\n<ul class=\"wp-block-list\">\n<li>Installation de mobilier volumineux.<\/li>\n<\/ul>\n<\/div>\n<\/div>\n\n\n\n<p class=\"has-text-align-center wp-block-paragraph\" style=\"font-size:30px\"><strong>D\u00e9roulement de la prestation<\/strong><\/p>\n\n\n\n<div class=\"wp-block-columns is-layout-flex wp-container-core-columns-is-layout-7387b849 wp-block-columns-is-layout-flex\">\n<div class=\"wp-block-column is-layout-flow wp-block-column-is-layout-flow\">\n<p class=\"has-text-align-center wp-block-paragraph\" style=\"line-height:1\"><strong>1) Diagnostic \/ Prise de mesures + Contrat<\/strong><\/p>\n\n\n<div class=\"wp-block-image\">\n<figure class=\"aligncenter size-large\"><img data-recalc-dims=\"1\" loading=\"lazy\" decoding=\"async\" width=\"750\" height=\"750\" data-attachment-id=\"4557\" data-permalink=\"https:\/\/lobjetsimplicite.com\/?attachment_id=4557\" data-orig-file=\"https:\/\/i0.wp.com\/lobjetsimplicite.com\/wp-content\/uploads\/2025\/08\/20250818_230539_00001.png?fit=1080%2C1080&amp;ssl=1\" data-orig-size=\"1080,1080\" data-comments-opened=\"1\" data-image-meta=\"{&quot;aperture&quot;:&quot;0&quot;,&quot;credit&quot;:&quot;&quot;,&quot;camera&quot;:&quot;&quot;,&quot;caption&quot;:&quot;&quot;,&quot;created_timestamp&quot;:&quot;0&quot;,&quot;copyright&quot;:&quot;&quot;,&quot;focal_length&quot;:&quot;0&quot;,&quot;iso&quot;:&quot;0&quot;,&quot;shutter_speed&quot;:&quot;0&quot;,&quot;title&quot;:&quot;&quot;,&quot;orientation&quot;:&quot;0&quot;}\" data-image-title=\"20250818_230539_0000[1]\" data-image-description=\"\" data-image-caption=\"\" data-large-file=\"https:\/\/i0.wp.com\/lobjetsimplicite.com\/wp-content\/uploads\/2025\/08\/20250818_230539_00001.png?fit=750%2C750&amp;ssl=1\" src=\"https:\/\/i0.wp.com\/lobjetsimplicite.com\/wp-content\/uploads\/2025\/08\/20250818_230539_00001.png?resize=750%2C750&#038;ssl=1\" alt=\"\" class=\"wp-image-4557\" srcset=\"https:\/\/i0.wp.com\/lobjetsimplicite.com\/wp-content\/uploads\/2025\/08\/20250818_230539_00001.png?resize=1024%2C1024&amp;ssl=1 1024w, https:\/\/i0.wp.com\/lobjetsimplicite.com\/wp-content\/uploads\/2025\/08\/20250818_230539_00001.png?resize=300%2C300&amp;ssl=1 300w, https:\/\/i0.wp.com\/lobjetsimplicite.com\/wp-content\/uploads\/2025\/08\/20250818_230539_00001.png?resize=150%2C150&amp;ssl=1 150w, https:\/\/i0.wp.com\/lobjetsimplicite.com\/wp-content\/uploads\/2025\/08\/20250818_230539_00001.png?resize=768%2C768&amp;ssl=1 768w, https:\/\/i0.wp.com\/lobjetsimplicite.com\/wp-content\/uploads\/2025\/08\/20250818_230539_00001.png?resize=800%2C800&amp;ssl=1 800w, https:\/\/i0.wp.com\/lobjetsimplicite.com\/wp-content\/uploads\/2025\/08\/20250818_230539_00001.png?resize=600%2C600&amp;ssl=1 600w, https:\/\/i0.wp.com\/lobjetsimplicite.com\/wp-content\/uploads\/2025\/08\/20250818_230539_00001.png?resize=400%2C400&amp;ssl=1 400w, https:\/\/i0.wp.com\/lobjetsimplicite.com\/wp-content\/uploads\/2025\/08\/20250818_230539_00001.png?resize=200%2C200&amp;ssl=1 200w, https:\/\/i0.wp.com\/lobjetsimplicite.com\/wp-content\/uploads\/2025\/08\/20250818_230539_00001.png?resize=350%2C350&amp;ssl=1 350w, https:\/\/i0.wp.com\/lobjetsimplicite.com\/wp-content\/uploads\/2025\/08\/20250818_230539_00001.png?resize=750%2C750&amp;ssl=1 750w, https:\/\/i0.wp.com\/lobjetsimplicite.com\/wp-content\/uploads\/2025\/08\/20250818_230539_00001.png?resize=100%2C100&amp;ssl=1 100w, https:\/\/i0.wp.com\/lobjetsimplicite.com\/wp-content\/uploads\/2025\/08\/20250818_230539_00001.png?w=1080&amp;ssl=1 1080w\" sizes=\"auto, (max-width: 750px) 100vw, 750px\" \/><\/figure>\n<\/div><\/div>\n\n\n\n<div class=\"wp-block-column is-layout-flow wp-block-column-is-layout-flow\">\n<p class=\"has-text-align-center wp-block-paragraph\"><strong>2) Shopping (Optionnel)<\/strong><\/p>\n\n\n<div class=\"wp-block-image\">\n<figure class=\"aligncenter size-large\"><img data-recalc-dims=\"1\" loading=\"lazy\" decoding=\"async\" width=\"750\" height=\"750\" data-attachment-id=\"4558\" data-permalink=\"https:\/\/lobjetsimplicite.com\/?attachment_id=4558\" data-orig-file=\"https:\/\/i0.wp.com\/lobjetsimplicite.com\/wp-content\/uploads\/2025\/08\/20250818_230539_00011.png?fit=1080%2C1079&amp;ssl=1\" data-orig-size=\"1080,1079\" data-comments-opened=\"1\" data-image-meta=\"{&quot;aperture&quot;:&quot;0&quot;,&quot;credit&quot;:&quot;&quot;,&quot;camera&quot;:&quot;&quot;,&quot;caption&quot;:&quot;&quot;,&quot;created_timestamp&quot;:&quot;0&quot;,&quot;copyright&quot;:&quot;&quot;,&quot;focal_length&quot;:&quot;0&quot;,&quot;iso&quot;:&quot;0&quot;,&quot;shutter_speed&quot;:&quot;0&quot;,&quot;title&quot;:&quot;&quot;,&quot;orientation&quot;:&quot;0&quot;}\" data-image-title=\"20250818_230539_0001[1]\" data-image-description=\"\" data-image-caption=\"\" data-large-file=\"https:\/\/i0.wp.com\/lobjetsimplicite.com\/wp-content\/uploads\/2025\/08\/20250818_230539_00011.png?fit=750%2C750&amp;ssl=1\" src=\"https:\/\/i0.wp.com\/lobjetsimplicite.com\/wp-content\/uploads\/2025\/08\/20250818_230539_00011.png?resize=750%2C750&#038;ssl=1\" alt=\"\" class=\"wp-image-4558\" srcset=\"https:\/\/i0.wp.com\/lobjetsimplicite.com\/wp-content\/uploads\/2025\/08\/20250818_230539_00011.png?resize=1024%2C1024&amp;ssl=1 1024w, https:\/\/i0.wp.com\/lobjetsimplicite.com\/wp-content\/uploads\/2025\/08\/20250818_230539_00011.png?resize=300%2C300&amp;ssl=1 300w, https:\/\/i0.wp.com\/lobjetsimplicite.com\/wp-content\/uploads\/2025\/08\/20250818_230539_00011.png?resize=150%2C150&amp;ssl=1 150w, https:\/\/i0.wp.com\/lobjetsimplicite.com\/wp-content\/uploads\/2025\/08\/20250818_230539_00011.png?resize=768%2C767&amp;ssl=1 768w, https:\/\/i0.wp.com\/lobjetsimplicite.com\/wp-content\/uploads\/2025\/08\/20250818_230539_00011.png?resize=800%2C800&amp;ssl=1 800w, https:\/\/i0.wp.com\/lobjetsimplicite.com\/wp-content\/uploads\/2025\/08\/20250818_230539_00011.png?resize=600%2C600&amp;ssl=1 600w, https:\/\/i0.wp.com\/lobjetsimplicite.com\/wp-content\/uploads\/2025\/08\/20250818_230539_00011.png?resize=400%2C400&amp;ssl=1 400w, https:\/\/i0.wp.com\/lobjetsimplicite.com\/wp-content\/uploads\/2025\/08\/20250818_230539_00011.png?resize=200%2C200&amp;ssl=1 200w, https:\/\/i0.wp.com\/lobjetsimplicite.com\/wp-content\/uploads\/2025\/08\/20250818_230539_00011.png?resize=350%2C350&amp;ssl=1 350w, https:\/\/i0.wp.com\/lobjetsimplicite.com\/wp-content\/uploads\/2025\/08\/20250818_230539_00011.png?resize=750%2C749&amp;ssl=1 750w, https:\/\/i0.wp.com\/lobjetsimplicite.com\/wp-content\/uploads\/2025\/08\/20250818_230539_00011.png?resize=100%2C100&amp;ssl=1 100w, https:\/\/i0.wp.com\/lobjetsimplicite.com\/wp-content\/uploads\/2025\/08\/20250818_230539_00011.png?w=1080&amp;ssl=1 1080w\" sizes=\"auto, (max-width: 750px) 100vw, 750px\" \/><\/figure>\n<\/div><\/div>\n\n\n\n<div class=\"wp-block-column is-layout-flow wp-block-column-is-layout-flow\">\n<p class=\"has-text-align-center wp-block-paragraph\"><strong>3) Intervention<\/strong><\/p>\n\n\n\n<figure class=\"wp-block-image size-large\"><img data-recalc-dims=\"1\" loading=\"lazy\" decoding=\"async\" width=\"750\" height=\"750\" data-attachment-id=\"4560\" data-permalink=\"https:\/\/lobjetsimplicite.com\/?attachment_id=4560\" data-orig-file=\"https:\/\/i0.wp.com\/lobjetsimplicite.com\/wp-content\/uploads\/2025\/08\/20250818_230539_00021.png?fit=1080%2C1079&amp;ssl=1\" data-orig-size=\"1080,1079\" data-comments-opened=\"1\" data-image-meta=\"{&quot;aperture&quot;:&quot;0&quot;,&quot;credit&quot;:&quot;&quot;,&quot;camera&quot;:&quot;&quot;,&quot;caption&quot;:&quot;&quot;,&quot;created_timestamp&quot;:&quot;0&quot;,&quot;copyright&quot;:&quot;&quot;,&quot;focal_length&quot;:&quot;0&quot;,&quot;iso&quot;:&quot;0&quot;,&quot;shutter_speed&quot;:&quot;0&quot;,&quot;title&quot;:&quot;&quot;,&quot;orientation&quot;:&quot;0&quot;}\" data-image-title=\"20250818_230539_0002[1]\" data-image-description=\"\" data-image-caption=\"\" data-large-file=\"https:\/\/i0.wp.com\/lobjetsimplicite.com\/wp-content\/uploads\/2025\/08\/20250818_230539_00021.png?fit=750%2C750&amp;ssl=1\" src=\"https:\/\/i0.wp.com\/lobjetsimplicite.com\/wp-content\/uploads\/2025\/08\/20250818_230539_00021.png?resize=750%2C750&#038;ssl=1\" alt=\"\" class=\"wp-image-4560\" srcset=\"https:\/\/i0.wp.com\/lobjetsimplicite.com\/wp-content\/uploads\/2025\/08\/20250818_230539_00021.png?resize=1024%2C1024&amp;ssl=1 1024w, https:\/\/i0.wp.com\/lobjetsimplicite.com\/wp-content\/uploads\/2025\/08\/20250818_230539_00021.png?resize=300%2C300&amp;ssl=1 300w, https:\/\/i0.wp.com\/lobjetsimplicite.com\/wp-content\/uploads\/2025\/08\/20250818_230539_00021.png?resize=150%2C150&amp;ssl=1 150w, https:\/\/i0.wp.com\/lobjetsimplicite.com\/wp-content\/uploads\/2025\/08\/20250818_230539_00021.png?resize=768%2C767&amp;ssl=1 768w, https:\/\/i0.wp.com\/lobjetsimplicite.com\/wp-content\/uploads\/2025\/08\/20250818_230539_00021.png?resize=800%2C800&amp;ssl=1 800w, https:\/\/i0.wp.com\/lobjetsimplicite.com\/wp-content\/uploads\/2025\/08\/20250818_230539_00021.png?resize=600%2C600&amp;ssl=1 600w, https:\/\/i0.wp.com\/lobjetsimplicite.com\/wp-content\/uploads\/2025\/08\/20250818_230539_00021.png?resize=400%2C400&amp;ssl=1 400w, https:\/\/i0.wp.com\/lobjetsimplicite.com\/wp-content\/uploads\/2025\/08\/20250818_230539_00021.png?resize=200%2C200&amp;ssl=1 200w, https:\/\/i0.wp.com\/lobjetsimplicite.com\/wp-content\/uploads\/2025\/08\/20250818_230539_00021.png?resize=350%2C350&amp;ssl=1 350w, https:\/\/i0.wp.com\/lobjetsimplicite.com\/wp-content\/uploads\/2025\/08\/20250818_230539_00021.png?resize=750%2C749&amp;ssl=1 750w, https:\/\/i0.wp.com\/lobjetsimplicite.com\/wp-content\/uploads\/2025\/08\/20250818_230539_00021.png?resize=100%2C100&amp;ssl=1 100w, https:\/\/i0.wp.com\/lobjetsimplicite.com\/wp-content\/uploads\/2025\/08\/20250818_230539_00021.png?w=1080&amp;ssl=1 1080w\" sizes=\"auto, (max-width: 750px) 100vw, 750px\" \/><\/figure>\n<\/div>\n<\/div>\n\n\n\n<p class=\"wp-block-paragraph\"><\/p>\n","protected":false},"excerpt":{"rendered":"<p>OFFRE D\u00c9M\u00c9NAGEMENT INCLUS NON INCLUS OFFRE \u00c9MM\u00c9NAGEMENT INCLUS NON INCLUS D\u00e9roulement de la prestation 1) Diagnostic \/ Prise de mesures + Contrat 2) Shopping (Optionnel) 3) Intervention<\/p>\n","protected":false},"author":131634038,"featured_media":0,"parent":0,"menu_order":0,"comment_status":"closed","ping_status":"closed","template":"","meta":{"_coblocks_attr":"","_coblocks_dimensions":"","_coblocks_responsive_height":"","_coblocks_accordion_ie_support":"","_crdt_document":"","advanced_seo_description":"","jetpack_seo_html_title":"","jetpack_seo_noindex":false,"footnotes":""},"class_list":["post-4408","page","type-page","status-publish","hentry","entry"],"jetpack_likes_enabled":true,"jetpack_sharing_enabled":true,"jetpack_shortlink":"https:\/\/wp.me\/P9sy8D-196","amp_enabled":true,"_links":{"self":[{"href":"https:\/\/lobjetsimplicite.com\/index.php?rest_route=\/wp\/v2\/pages\/4408","targetHints":{"allow":["GET"]}}],"collection":[{"href":"https:\/\/lobjetsimplicite.com\/index.php?rest_route=\/wp\/v2\/pages"}],"about":[{"href":"https:\/\/lobjetsimplicite.com\/index.php?rest_route=\/wp\/v2\/types\/page"}],"author":[{"embeddable":true,"href":"https:\/\/lobjetsimplicite.com\/index.php?rest_route=\/wp\/v2\/users\/131634038"}],"replies":[{"embeddable":true,"href":"https:\/\/lobjetsimplicite.com\/index.php?rest_route=%2Fwp%2Fv2%2Fcomments&post=4408"}],"version-history":[{"count":34,"href":"https:\/\/lobjetsimplicite.com\/index.php?rest_route=\/wp\/v2\/pages\/4408\/revisions"}],"predecessor-version":[{"id":4591,"href":"https:\/\/lobjetsimplicite.com\/index.php?rest_route=\/wp\/v2\/pages\/4408\/revisions\/4591"}],"wp:attachment":[{"href":"https:\/\/lobjetsimplicite.com\/index.php?rest_route=%2Fwp%2Fv2%2Fmedia&parent=4408"}],"curies":[{"name":"wp","href":"https:\/\/api.w.org\/{rel}","templated":true}]}}