{"id":700,"date":"2020-10-11T17:06:18","date_gmt":"2020-10-11T16:06:18","guid":{"rendered":"https:\/\/lobjetsimplicite.com\/?page_id=700"},"modified":"2020-10-11T17:12:05","modified_gmt":"2020-10-11T16:12:05","slug":"vie-privee","status":"publish","type":"page","link":"https:\/\/lobjetsimplicite.com\/?page_id=700","title":{"rendered":"Vie priv\u00e9e"},"content":{"rendered":"\n<p class=\"has-text-align-center wp-block-paragraph\">(Politique de confidentialit\u00e9)<\/p>\n\n\n\n<p class=\"wp-block-paragraph\">L\u2019Objet Simplicit\u00e9 conserve certaines de vos donn\u00e9es en toute s\u00e9curit\u00e9 afin de g\u00e9rer vos commandes et nos communications mais aussi pour am\u00e9liorer votre exp\u00e9rience client.<\/p>\n\n\n\n<p class=\"wp-block-paragraph\">Chez L\u2019Objet Simplicit\u00e9, nous prot\u00e9geons \u00e0 100% les donn\u00e9es confidentielles de nos clients ainsi que celles de nos visiteurs. Pour plus de renseignements n\u2019h\u00e9sitez pas \u00e0 contacter notre service client&nbsp;\u00e0 l\u2019adresse&nbsp;:&nbsp;lobjetsimplicite@gmail.com<\/p>\n\n\n\n<p class=\"wp-block-paragraph\"><strong>Comment utilisons-nous vos informations personnelles&nbsp;?<\/strong><\/p>\n\n\n\n<p class=\"wp-block-paragraph\">Conform\u00e9ment \u00e0 l\u2019article 13 du r\u00e8glement UE 2016\/679, L\u2019Objet Simplicit\u00e9 collecte des donn\u00e9es \u00e0 caract\u00e8re personnel n\u00e9cessaires pour la gestion des commandes ainsi que l\u2019\u00e9tablissement et l\u2019am\u00e9lioration des relations commerciales avec les Utilisateurs de son site internet et ses Clients, et ce sur la base de l\u2019article 6 1 b) du r\u00e8glement UE 2016\/679. Le responsable de traitement est Jessica COURTOIS, L\u2019Objet Simplicit\u00e9, 4 rue F\u00e9n\u00e9lon et Robert Guidicelli, 13007 MARSEILLE.<\/p>\n\n\n\n<p class=\"wp-block-paragraph\">Votre nom, pr\u00e9nom, adresses postales, adresse email et num\u00e9ro de t\u00e9l\u00e9phone nous sont n\u00e9cessaires pour g\u00e9rer et vous faire parvenir vos commandes. Ces informations nous sont \u00e9galement utiles afin de vous envoyer des informations par mail (mises \u00e0 jour de votre commande, information de livraison\u2026).&nbsp;Nous avons \u00e9galement besoin de ces informations pour vous envoyer des e-mails (newsletters) qui vous correspondent. Enfin, nous avons besoin de vos informations de contact pour vous fournir le meilleur service possible et en particulier, pour que notre Service Client puisse vous assister au mieux.<\/p>\n\n\n\n<p class=\"wp-block-paragraph\"><strong>Vos informations de paiement<\/strong><\/p>\n\n\n\n<p class=\"wp-block-paragraph\">L\u2019Objet Simplicit\u00e9 apporte toute son attention aux questions de s\u00e9curit\u00e9 concernant le paiement sur Internet. Vos donn\u00e9es bancaires sont trait\u00e9es et stock\u00e9es uniquement par notre partenaire bancaire qui dispose de toutes les habilitations et nous apporte les garanties n\u00e9cessaires au traitement de ces donn\u00e9es en toute s\u00e9curit\u00e9 et avec la plus grande confidentialit\u00e9. Ces donn\u00e9es ne sont jamais en possession de L\u2019Objet Simplicit\u00e9.<\/p>\n\n\n\n<p class=\"wp-block-paragraph\"><strong>Votre historique d\u2019achat<\/strong><\/p>\n\n\n\n<p class=\"wp-block-paragraph\">Nous avons besoin de vos historiques d\u2019achat afin de g\u00e9rer les retours ainsi que les demandes d\u2019assistance dans le but de vous fournir le meilleur service possible et r\u00e9pondre \u00e0 toutes vos demandes.<\/p>\n\n\n\n<p class=\"wp-block-paragraph\"><strong>Les informations \u00e0 propos de votre navigation via votre ordinateur ou t\u00e9l\u00e9phone portable<\/strong><\/p>\n\n\n\n<p class=\"wp-block-paragraph\">Il s\u2019agit des informations que vous nous donnez lorsque vous naviguez sur notre site comme votre adresse IP, le type d\u2019appareil utilis\u00e9 ainsi que la fa\u00e7on dont vous utilise notre site. Nous avons besoin de ces informations dans le but de vous offrir la meilleure exp\u00e9rience d\u2019achat en ligne possible.&nbsp;<br>Vos informations sont \u00e9galement conserv\u00e9es pour des obligations l\u00e9gales ou r\u00e9glementaires, r\u00e9gler des litiges, emp\u00eacher les fraudes et ainsi que les abus ou appliquer nos modalit\u00e9s et conditions.<\/p>\n\n\n\n<p class=\"wp-block-paragraph\"><strong>Partage de vos informations<\/strong><\/p>\n\n\n\n<p class=\"wp-block-paragraph\">L\u2019Objet Simplicit\u00e9 ne vend pas vos informations personnelles \u00e0 des tiers (y compris votre nom, adresse, e-mail ou informations de carte de cr\u00e9dit) et celles-ci ne sont pas transf\u00e9r\u00e9es vers des pays \u00e9trangers. Dans le but de vous offrir le meilleur service possible, nous partageons vos donn\u00e9es avec les personnes qui contribuent \u00e0 la gestion de votre commande comme :<br>&#8211; Les soci\u00e9t\u00e9s de livraison et les prestataires de paiement (La Poste, les transporteurs et<br>les livreurs, notre banque, etc.)&nbsp;;<br>&#8211; Les professionnels charg\u00e9s de faire fonctionner notre site (notre h\u00e9bergeur notamment).&nbsp;<\/p>\n\n\n\n<p class=\"wp-block-paragraph\">Conservation de vos informations<\/p>\n\n\n\n<p class=\"wp-block-paragraph\">Nous conservons vos informations pendant toute la dur\u00e9e de vie de votre compte. A partir de 5 ans d\u2019inactivit\u00e9 sur votre compte L\u2019Objet Simplicit\u00e9, nous proc\u00e9derons \u00e0 la suppression de votre compte et de vos informations personnelles. Nous vous enverrons un e-mail afin de vous informer de la suppression de votre compte. En cas de commande sans cr\u00e9ation de compte, vos informations personnelles ne sont conserv\u00e9es que 5 ans apr\u00e8s notre dernier contact.<\/p>\n\n\n\n<p class=\"wp-block-paragraph\"><strong>Cookies<\/strong><\/p>\n\n\n\n<p class=\"wp-block-paragraph\">Nous utilisons des traceurs et notamment des cookies afin d&rsquo;identifier les rubriques et les pages que vous consultez dans le but de faciliter votre navigation et votre exp\u00e9rience en ligne ainsi que d\u2019am\u00e9liorer nos services. Il s\u2019agit des traceurs&nbsp;:<br>&#8211; conservant les choix de navigation et de personnalisation de l&rsquo;interface utilisateur ;<br>&#8211; destin\u00e9s \u00e0 l\u2019authentification afin notamment de limiter les tentatives d\u2019acc\u00e8s robotis\u00e9es ou inattendues&nbsp;; <\/p>\n\n\n\n<p class=\"wp-block-paragraph\">&#8211; destin\u00e9s \u00e0 garder en m\u00e9moire le contenu de votre panier d\u2019achat.<\/p>\n\n\n\n<p class=\"wp-block-paragraph\"><strong>Vos droits&nbsp;<\/strong><\/p>\n\n\n\n<p class=\"wp-block-paragraph\">Vous avez le droit d\u2019avoir un acc\u00e8s aux informations personnelles vous concernant et vous avez le droit d\u2019\u00eatre inform\u00e9 de la fa\u00e7on dont nous utilisons ces donn\u00e9es. Vous avez \u00e9galement le droit de nous demander de rectifier et d\u2019effacer vos informations personnelles, de vous opposer au traitement de celles-ci par nos services ou de nous demander d\u2019en limiter notre utilisation dans certaines circonstances.<br>Si vous avez des questions ou souhaitez exercer vos droits, n\u2019h\u00e9sitez pas \u00e0 nous contacter \u00e0 l\u2019adresse suivante&nbsp;:&nbsp; lobjetsimplicite@gmail.com ou par courrier \u00e0 Jessica COURTOIS, L\u2019Objet Simplicit\u00e9, 4 rue F\u00e9n\u00e9lon et Robert Guidicelli, 13007 MARSEILLE.<br>Enfin, en cas de difficult\u00e9 dans l\u2019exercice de vos droits, vous pouvez vous adresser \u00e0 la Commission nationale de l\u2019informatique et des libert\u00e9s (CNIL).<\/p>\n","protected":false},"excerpt":{"rendered":"<p>(Politique de confidentialit\u00e9) L\u2019Objet Simplicit\u00e9 conserve certaines de vos donn\u00e9es en toute s\u00e9curit\u00e9 afin de g\u00e9rer vos commandes et nos communications mais aussi pour am\u00e9liorer votre exp\u00e9rience client. Chez L\u2019Objet Simplicit\u00e9, nous prot\u00e9geons \u00e0 100% les donn\u00e9es confidentielles de nos clients ainsi que celles de nos visiteurs. Pour plus de renseignements n\u2019h\u00e9sitez pas \u00e0 contacter<a class=\"more-link\" href=\"https:\/\/lobjetsimplicite.com\/?page_id=700\">Lire la suite <span class=\"screen-reader-text\">\u00ab\u00a0Vie priv\u00e9e\u00a0\u00bb<\/span><\/a><\/p>\n","protected":false},"author":131634038,"featured_media":0,"parent":0,"menu_order":0,"comment_status":"closed","ping_status":"closed","template":"","meta":{"_coblocks_attr":"","_coblocks_dimensions":"","_coblocks_responsive_height":"","_coblocks_accordion_ie_support":"","_crdt_document":"","advanced_seo_description":"","jetpack_seo_html_title":"","jetpack_seo_noindex":false,"jetpack_post_was_ever_published":false,"footnotes":""},"class_list":["post-700","page","type-page","status-publish","hentry","entry"],"jetpack_likes_enabled":true,"jetpack_sharing_enabled":true,"jetpack_shortlink":"https:\/\/wp.me\/P9sy8D-bi","amp_enabled":true,"_links":{"self":[{"href":"https:\/\/lobjetsimplicite.com\/index.php?rest_route=\/wp\/v2\/pages\/700","targetHints":{"allow":["GET"]}}],"collection":[{"href":"https:\/\/lobjetsimplicite.com\/index.php?rest_route=\/wp\/v2\/pages"}],"about":[{"href":"https:\/\/lobjetsimplicite.com\/index.php?rest_route=\/wp\/v2\/types\/page"}],"author":[{"embeddable":true,"href":"https:\/\/lobjetsimplicite.com\/index.php?rest_route=\/wp\/v2\/users\/131634038"}],"replies":[{"embeddable":true,"href":"https:\/\/lobjetsimplicite.com\/index.php?rest_route=%2Fwp%2Fv2%2Fcomments&post=700"}],"version-history":[{"count":3,"href":"https:\/\/lobjetsimplicite.com\/index.php?rest_route=\/wp\/v2\/pages\/700\/revisions"}],"predecessor-version":[{"id":704,"href":"https:\/\/lobjetsimplicite.com\/index.php?rest_route=\/wp\/v2\/pages\/700\/revisions\/704"}],"wp:attachment":[{"href":"https:\/\/lobjetsimplicite.com\/index.php?rest_route=%2Fwp%2Fv2%2Fmedia&parent=700"}],"curies":[{"name":"wp","href":"https:\/\/api.w.org\/{rel}","templated":true}]}}